{"id":153,"date":"2023-03-18T20:17:00","date_gmt":"2023-03-18T20:17:00","guid":{"rendered":"https:\/\/www.dorfstr7.de\/?page_id=153"},"modified":"2023-03-22T18:47:50","modified_gmt":"2023-03-22T18:47:50","slug":"etwas-weiter-weg","status":"publish","type":"page","link":"https:\/\/www.dorfstr7.de\/?page_id=153","title":{"rendered":"Etwas weiter weg"},"content":{"rendered":"<ul class=\"wp-block-latest-posts__list wp-block-latest-posts\"><li><a class=\"wp-block-latest-posts__post-title\" href=\"https:\/\/www.dorfstr7.de\/?p=304\">Beilstein, das Dornr\u00f6schen an der Mosel<\/a><div class=\"wp-block-latest-posts__post-excerpt\">Das Dornr\u00f6schen an der Mosel<\/div><\/li>\n<li><div class=\"wp-block-latest-posts__featured-image\"><img loading=\"lazy\" decoding=\"async\" width=\"150\" height=\"150\" src=\"https:\/\/www.dorfstr7.de\/wp-content\/uploads\/2023\/03\/signal-2022-12-30-20-10-43-761-5-150x150.jpg\" class=\"attachment-thumbnail size-thumbnail wp-post-image\" alt=\"\" style=\"\" srcset=\"https:\/\/www.dorfstr7.de\/wp-content\/uploads\/2023\/03\/signal-2022-12-30-20-10-43-761-5-150x150.jpg 150w, https:\/\/www.dorfstr7.de\/wp-content\/uploads\/2023\/03\/signal-2022-12-30-20-10-43-761-5-300x300.jpg 300w, https:\/\/www.dorfstr7.de\/wp-content\/uploads\/2023\/03\/signal-2022-12-30-20-10-43-761-5-75x75.jpg 75w\" sizes=\"auto, (max-width: 150px) 100vw, 150px\" \/><\/div><a class=\"wp-block-latest-posts__post-title\" href=\"https:\/\/www.dorfstr7.de\/?p=420\">Bruder Klaus von der Fl\u00fce Kapelle<\/a><div class=\"wp-block-latest-posts__post-excerpt\">Bruder-Klaus-Kapelle in Mechernich-Wachendorf.<\/div><\/li>\n<li><div class=\"wp-block-latest-posts__featured-image\"><img loading=\"lazy\" decoding=\"async\" width=\"150\" height=\"150\" src=\"https:\/\/www.dorfstr7.de\/wp-content\/uploads\/2023\/03\/IMG_20200704_182255-150x150.jpg\" class=\"attachment-thumbnail size-thumbnail wp-post-image\" alt=\"\" style=\"\" srcset=\"https:\/\/www.dorfstr7.de\/wp-content\/uploads\/2023\/03\/IMG_20200704_182255-150x150.jpg 150w, https:\/\/www.dorfstr7.de\/wp-content\/uploads\/2023\/03\/IMG_20200704_182255-300x300.jpg 300w, https:\/\/www.dorfstr7.de\/wp-content\/uploads\/2023\/03\/IMG_20200704_182255-75x75.jpg 75w\" sizes=\"auto, (max-width: 150px) 100vw, 150px\" \/><\/div><a class=\"wp-block-latest-posts__post-title\" href=\"https:\/\/www.dorfstr7.de\/?p=311\">Burg Eltz<\/a><div class=\"wp-block-latest-posts__post-excerpt\">Die Burg Eltz aus dem 12. Jahrhundert ist eine der bekanntesten Burgen in Deutschland.<\/div><\/li>\n<li><div class=\"wp-block-latest-posts__featured-image\"><img loading=\"lazy\" decoding=\"async\" width=\"150\" height=\"150\" src=\"https:\/\/www.dorfstr7.de\/wp-content\/uploads\/2023\/03\/signal-2020-10-10-17-09-30-980-e1679510440413-150x150.jpg\" class=\"attachment-thumbnail size-thumbnail wp-post-image\" alt=\"\" style=\"\" srcset=\"https:\/\/www.dorfstr7.de\/wp-content\/uploads\/2023\/03\/signal-2020-10-10-17-09-30-980-e1679510440413-150x150.jpg 150w, https:\/\/www.dorfstr7.de\/wp-content\/uploads\/2023\/03\/signal-2020-10-10-17-09-30-980-e1679510440413-300x300.jpg 300w, https:\/\/www.dorfstr7.de\/wp-content\/uploads\/2023\/03\/signal-2020-10-10-17-09-30-980-e1679510440413-75x75.jpg 75w\" sizes=\"auto, (max-width: 150px) 100vw, 150px\" \/><\/div><a class=\"wp-block-latest-posts__post-title\" href=\"https:\/\/www.dorfstr7.de\/?p=313\">Cochem<\/a><div class=\"wp-block-latest-posts__post-excerpt\">Cochem ist mit majest\u00e4tischen Reichsburg der Anziehungspunkt an der Mosel.<\/div><\/li>\n<li><div class=\"wp-block-latest-posts__featured-image\"><img loading=\"lazy\" decoding=\"async\" width=\"150\" height=\"150\" src=\"https:\/\/www.dorfstr7.de\/wp-content\/uploads\/2023\/03\/image-1-150x150.jpeg\" class=\"attachment-thumbnail size-thumbnail wp-post-image\" alt=\"Collis Turm\" style=\"\" srcset=\"https:\/\/www.dorfstr7.de\/wp-content\/uploads\/2023\/03\/image-1-150x150.jpeg 150w, https:\/\/www.dorfstr7.de\/wp-content\/uploads\/2023\/03\/image-1-300x300.jpeg 300w, https:\/\/www.dorfstr7.de\/wp-content\/uploads\/2023\/03\/image-1-75x75.jpeg 75w\" sizes=\"auto, (max-width: 150px) 100vw, 150px\" \/><\/div><a class=\"wp-block-latest-posts__post-title\" href=\"https:\/\/www.dorfstr7.de\/?p=264\">Collis-Turm<\/a><div class=\"wp-block-latest-posts__post-excerpt\">Die sch\u00f6nsten Eindr\u00fccke vom  Collis-Turm<\/div><\/li>\n<li><div class=\"wp-block-latest-posts__featured-image\"><img loading=\"lazy\" decoding=\"async\" width=\"150\" height=\"150\" src=\"https:\/\/www.dorfstr7.de\/wp-content\/uploads\/2023\/03\/signal-2020-12-06-09-37-05-979-4-150x150.jpg\" class=\"attachment-thumbnail size-thumbnail wp-post-image\" alt=\"\" style=\"\" srcset=\"https:\/\/www.dorfstr7.de\/wp-content\/uploads\/2023\/03\/signal-2020-12-06-09-37-05-979-4-150x150.jpg 150w, https:\/\/www.dorfstr7.de\/wp-content\/uploads\/2023\/03\/signal-2020-12-06-09-37-05-979-4-300x300.jpg 300w, https:\/\/www.dorfstr7.de\/wp-content\/uploads\/2023\/03\/signal-2020-12-06-09-37-05-979-4-75x75.jpg 75w\" sizes=\"auto, (max-width: 150px) 100vw, 150px\" \/><\/div><a class=\"wp-block-latest-posts__post-title\" href=\"https:\/\/www.dorfstr7.de\/?p=317\">Eifel &#038; Maare<\/a><div class=\"wp-block-latest-posts__post-excerpt\">Insgesamt gibt es \u00fcber 70 Maarvulkane in der Eifel  und zw\u00f6lf Maare sind heute noch mit Wasser gef\u00fcllt, die restlichen sind bereits verlandet. Im Sommer darf in einigen Maaren gebadet werden.<\/div><\/li>\n<li><div class=\"wp-block-latest-posts__featured-image\"><img loading=\"lazy\" decoding=\"async\" width=\"150\" height=\"150\" src=\"https:\/\/www.dorfstr7.de\/wp-content\/uploads\/2023\/03\/signal-2022-06-20-14-02-03-295-150x150.jpg\" class=\"attachment-thumbnail size-thumbnail wp-post-image\" alt=\"\" style=\"\" srcset=\"https:\/\/www.dorfstr7.de\/wp-content\/uploads\/2023\/03\/signal-2022-06-20-14-02-03-295-150x150.jpg 150w, https:\/\/www.dorfstr7.de\/wp-content\/uploads\/2023\/03\/signal-2022-06-20-14-02-03-295-300x300.jpg 300w, https:\/\/www.dorfstr7.de\/wp-content\/uploads\/2023\/03\/signal-2022-06-20-14-02-03-295-75x75.jpg 75w\" sizes=\"auto, (max-width: 150px) 100vw, 150px\" \/><\/div><a class=\"wp-block-latest-posts__post-title\" href=\"https:\/\/www.dorfstr7.de\/?p=320\">Fraukirch<\/a><div class=\"wp-block-latest-posts__post-excerpt\">Die kleine Fraukirch ist eine der \u00e4ltesten Kirchen der Eifel und liegt verborgen im Schatten der gro\u00dfen Abtei Maria Laach.  Tritt ein und du wirst staunen!<\/div><\/li>\n<li><div class=\"wp-block-latest-posts__featured-image\"><img loading=\"lazy\" decoding=\"async\" width=\"150\" height=\"150\" src=\"https:\/\/www.dorfstr7.de\/wp-content\/uploads\/2023\/03\/signal-2022-11-13-10-49-51-300-150x150.jpg\" class=\"attachment-thumbnail size-thumbnail wp-post-image\" alt=\"\" style=\"\" srcset=\"https:\/\/www.dorfstr7.de\/wp-content\/uploads\/2023\/03\/signal-2022-11-13-10-49-51-300-150x150.jpg 150w, https:\/\/www.dorfstr7.de\/wp-content\/uploads\/2023\/03\/signal-2022-11-13-10-49-51-300-300x300.jpg 300w, https:\/\/www.dorfstr7.de\/wp-content\/uploads\/2023\/03\/signal-2022-11-13-10-49-51-300-75x75.jpg 75w\" sizes=\"auto, (max-width: 150px) 100vw, 150px\" \/><\/div><a class=\"wp-block-latest-posts__post-title\" href=\"https:\/\/www.dorfstr7.de\/?p=322\">Prinzenkopfturm<\/a><div class=\"wp-block-latest-posts__post-excerpt\">Der Prinzenkopfturm bei P\u00fcnderich an der Mosel ist ein 27,3 m hoher Aussichtsturm.<\/div><\/li>\n<li><div class=\"wp-block-latest-posts__featured-image\"><img loading=\"lazy\" decoding=\"async\" width=\"150\" height=\"150\" src=\"https:\/\/www.dorfstr7.de\/wp-content\/uploads\/2023\/03\/IMG_20221229_144718-Kopie-150x150.jpg\" class=\"attachment-thumbnail size-thumbnail wp-post-image\" alt=\"\" style=\"\" srcset=\"https:\/\/www.dorfstr7.de\/wp-content\/uploads\/2023\/03\/IMG_20221229_144718-Kopie-150x150.jpg 150w, https:\/\/www.dorfstr7.de\/wp-content\/uploads\/2023\/03\/IMG_20221229_144718-Kopie-300x300.jpg 300w, https:\/\/www.dorfstr7.de\/wp-content\/uploads\/2023\/03\/IMG_20221229_144718-Kopie-75x75.jpg 75w\" sizes=\"auto, (max-width: 150px) 100vw, 150px\" \/><\/div><a class=\"wp-block-latest-posts__post-title\" href=\"https:\/\/www.dorfstr7.de\/?p=324\">Vogelsang IP<\/a><div class=\"wp-block-latest-posts__post-excerpt\">Inmitten des Nationalparks Eifel befindet sich die 100 Hektar gro\u00dfe Anlage der ehemaligen NS-Ordensburg Vogelsang.<\/div><\/li>\n<\/ul>","protected":false},"excerpt":{"rendered":"","protected":false},"author":2,"featured_media":0,"parent":0,"menu_order":0,"comment_status":"closed","ping_status":"closed","template":"","meta":{"footnotes":""},"class_list":["post-153","page","type-page","status-publish","hentry"],"_links":{"self":[{"href":"https:\/\/www.dorfstr7.de\/index.php?rest_route=\/wp\/v2\/pages\/153","targetHints":{"allow":["GET"]}}],"collection":[{"href":"https:\/\/www.dorfstr7.de\/index.php?rest_route=\/wp\/v2\/pages"}],"about":[{"href":"https:\/\/www.dorfstr7.de\/index.php?rest_route=\/wp\/v2\/types\/page"}],"author":[{"embeddable":true,"href":"https:\/\/www.dorfstr7.de\/index.php?rest_route=\/wp\/v2\/users\/2"}],"replies":[{"embeddable":true,"href":"https:\/\/www.dorfstr7.de\/index.php?rest_route=%2Fwp%2Fv2%2Fcomments&post=153"}],"version-history":[{"count":6,"href":"https:\/\/www.dorfstr7.de\/index.php?rest_route=\/wp\/v2\/pages\/153\/revisions"}],"predecessor-version":[{"id":592,"href":"https:\/\/www.dorfstr7.de\/index.php?rest_route=\/wp\/v2\/pages\/153\/revisions\/592"}],"wp:attachment":[{"href":"https:\/\/www.dorfstr7.de\/index.php?rest_route=%2Fwp%2Fv2%2Fmedia&parent=153"}],"curies":[{"name":"wp","href":"https:\/\/api.w.org\/{rel}","templated":true}]}}